{"id":6720,"date":"2025-01-27T20:49:05","date_gmt":"2025-01-27T19:49:05","guid":{"rendered":"https:\/\/proactifconseil.ma\/site\/?page_id=6720"},"modified":"2025-01-28T11:39:09","modified_gmt":"2025-01-28T10:39:09","slug":"audit","status":"publish","type":"page","link":"https:\/\/proactifconseil.ma\/site\/audit\/","title":{"rendered":"Audit"},"content":{"rendered":"\t\t<div data-elementor-type=\"wp-page\" data-elementor-id=\"6720\" class=\"elementor elementor-6720\">\n\t\t\t\t\t\t<section class=\"elementor-section elementor-top-section elementor-element elementor-element-4767c73 elementor-section-boxed elementor-section-height-default elementor-section-height-default\" data-id=\"4767c73\" data-element_type=\"section\">\n\t\t\t\t\t\t<div class=\"elementor-container elementor-column-gap-default\">\n\t\t\t\t\t<div class=\"elementor-column elementor-col-100 elementor-top-column elementor-element elementor-element-6c4611d\" data-id=\"6c4611d\" data-element_type=\"column\">\n\t\t\t<div class=\"elementor-widget-wrap elementor-element-populated\">\n\t\t\t\t\t\t<div class=\"elementor-element elementor-element-85eb2d5 elementor-widget elementor-widget-creote-tab-v1\" data-id=\"85eb2d5\" data-element_type=\"widget\" data-widget_type=\"creote-tab-v1.default\">\n\t\t\t\t<div class=\"elementor-widget-container\">\n\t\t\t<section class=\"tabs_all_box tabs_all_box_start type_two\"> <div class=\"tab_over_all_box\">   <div class=\"tabs_header clearfix\"> <ul class=\"showcase_tabs_btns nav-pills nav clearfix\">  <li class=\"nav-item\"> <a class=\"s_tab_btn nav-link active\" data-tab=\"#tabtabone\">  <\/a> <\/li>  <\/ul> <\/div> <div class=\"s_tab_wrapper\"> <div class=\"s_tabs_content\">  <div class=\"s_tab fade active-tab show\" id=\"tabtabone\"> <div class=\"tab_content one\"> <div class=\"row\">  <div class=\"col-lg-6 col-md-12 col-sm-12\"> <div class=\"image\"> <img decoding=\"async\" src=\"https:\/\/proactifconseil.ma\/site\/wp-content\/uploads\/2025\/01\/1.audit_.png\" alt=\"image\" \/> <\/div> <\/div>  <div class=\"col-lg-6 col-md-12 col-sm-12\"> <div class=\"content_bx\">  <h6>Audit<\/h6>   <h2>Notre cabinet<\/h2>   <p>Propose une gamme compl\u00e8te de services d'audit et de certification pour assurer la fiabilit\u00e9 et la conformit\u00e9 des comptes de votre entreprise. Nos auditeurs exp\u00e9riment\u00e9s utilisent une approche m\u00e9thodique et rigoureuse pour examiner vos \u00e9tats financiers et fournir l'assurance n\u00e9cessaire \u00e0 vos actionnaires, investisseurs, autorit\u00e9s fiscales et bancaires. Nos services comprennent :<\/p>    <ul>  <li> Audit l\u00e9gal ou commissariat aux comptes  <\/li>  <li> Audit contractuel <\/li>  <li> Audit op\u00e9rationnel et des performances  <\/li>  <li> Commissariat aux apports et \u00e0 la fusion  <\/li>  <li> Audit fiscal <\/li>  <li> Audit juridique <\/li>  <li> Certification et visas particuliers (visa d\u00e9lais de paiement, visa remboursement de tva)  <\/li>  <\/ul>   <\/div> <\/div> <\/div> <\/div> <\/div>  <\/div> <\/div>   <\/div><\/section>\r\n\t\t<\/div>\n\t\t\t\t<\/div>\n\t\t\t\t\t<\/div>\n\t\t<\/div>\n\t\t\t\t\t<\/div>\n\t\t<\/section>\n\t\t\t\t<\/div>\n\t\t","protected":false},"excerpt":{"rendered":"<p>Audit Notre cabinet Propose une gamme compl\u00e8te de services d&rsquo;audit et de certification pour assurer la fiabilit\u00e9 et la conformit\u00e9 des comptes de votre entreprise. Nos auditeurs exp\u00e9riment\u00e9s utilisent une approche m\u00e9thodique et rigoureuse pour examiner vos \u00e9tats financiers et fournir l&rsquo;assurance n\u00e9cessaire \u00e0 vos actionnaires, investisseurs, autorit\u00e9s fiscales et bancaires. Nos services comprennent : [&hellip;]<\/p>\n","protected":false},"author":1,"featured_media":0,"parent":0,"menu_order":0,"comment_status":"closed","ping_status":"closed","template":"template-fullwidth.php","meta":{"content-type":"","footnotes":""},"_links":{"self":[{"href":"https:\/\/proactifconseil.ma\/site\/wp-json\/wp\/v2\/pages\/6720"}],"collection":[{"href":"https:\/\/proactifconseil.ma\/site\/wp-json\/wp\/v2\/pages"}],"about":[{"href":"https:\/\/proactifconseil.ma\/site\/wp-json\/wp\/v2\/types\/page"}],"author":[{"embeddable":true,"href":"https:\/\/proactifconseil.ma\/site\/wp-json\/wp\/v2\/users\/1"}],"replies":[{"embeddable":true,"href":"https:\/\/proactifconseil.ma\/site\/wp-json\/wp\/v2\/comments?post=6720"}],"version-history":[{"count":16,"href":"https:\/\/proactifconseil.ma\/site\/wp-json\/wp\/v2\/pages\/6720\/revisions"}],"predecessor-version":[{"id":6923,"href":"https:\/\/proactifconseil.ma\/site\/wp-json\/wp\/v2\/pages\/6720\/revisions\/6923"}],"wp:attachment":[{"href":"https:\/\/proactifconseil.ma\/site\/wp-json\/wp\/v2\/media?parent=6720"}],"curies":[{"name":"wp","href":"https:\/\/api.w.org\/{rel}","templated":true}]}}