{"id":6747,"date":"2025-01-27T21:05:12","date_gmt":"2025-01-27T20:05:12","guid":{"rendered":"https:\/\/proactifconseil.ma\/site\/?page_id=6747"},"modified":"2025-01-28T11:42:49","modified_gmt":"2025-01-28T10:42:49","slug":"conseil","status":"publish","type":"page","link":"https:\/\/proactifconseil.ma\/site\/conseil\/","title":{"rendered":"Conseil"},"content":{"rendered":"\t\t<div data-elementor-type=\"wp-page\" data-elementor-id=\"6747\" class=\"elementor elementor-6747\">\n\t\t\t\t\t\t<section class=\"elementor-section elementor-top-section elementor-element elementor-element-4767c73 elementor-section-boxed elementor-section-height-default elementor-section-height-default\" data-id=\"4767c73\" data-element_type=\"section\">\n\t\t\t\t\t\t<div class=\"elementor-container elementor-column-gap-default\">\n\t\t\t\t\t<div class=\"elementor-column elementor-col-100 elementor-top-column elementor-element elementor-element-6c4611d\" data-id=\"6c4611d\" data-element_type=\"column\">\n\t\t\t<div class=\"elementor-widget-wrap elementor-element-populated\">\n\t\t\t\t\t\t<div class=\"elementor-element elementor-element-85eb2d5 elementor-widget elementor-widget-creote-tab-v1\" data-id=\"85eb2d5\" data-element_type=\"widget\" data-widget_type=\"creote-tab-v1.default\">\n\t\t\t\t<div class=\"elementor-widget-container\">\n\t\t\t<section class=\"tabs_all_box tabs_all_box_start type_two\"> <div class=\"tab_over_all_box\">   <div class=\"tabs_header clearfix\"> <ul class=\"showcase_tabs_btns nav-pills nav clearfix\">  <li class=\"nav-item\"> <a class=\"s_tab_btn nav-link active\" data-tab=\"#tabtabone\">  <\/a> <\/li>  <\/ul> <\/div> <div class=\"s_tab_wrapper\"> <div class=\"s_tabs_content\">  <div class=\"s_tab fade active-tab show\" id=\"tabtabone\"> <div class=\"tab_content one\"> <div class=\"row\">  <div class=\"col-lg-6 col-md-12 col-sm-12\"> <div class=\"image\"> <img decoding=\"async\" src=\"https:\/\/proactifconseil.ma\/site\/wp-content\/uploads\/2025\/01\/4.conseil.png\" alt=\"image\" \/> <\/div> <\/div>  <div class=\"col-lg-6 col-md-12 col-sm-12\"> <div class=\"content_bx\">  <h6>Conseil<\/h6>   <h2>Notre \u00e9quipe <\/h2>   <p>De conseillers exp\u00e9riment\u00e9s vous apporte un soutien dans divers domaines pour vous aider \u00e0 prendre des d\u00e9cisions \u00e9clair\u00e9es et \u00e0 optimiser la performance de votre entreprise. Nos services comprennent notamment :<\/p>    <ul>  <li> Conseil financier  <\/li>  <li> \u00c9tablissement des \u00e9tudes de faisabilit\u00e9 et de plan d\u2019affaires (business plan)  <\/li>  <li> Conseil en fusions-acquisitions et \u00e9valuation d\u2019entreprise  <\/li>  <li> \u00c9tudes d\u2019\u00e9valuation, d\u2019organisation et de restructuration des entreprises  <\/li>  <li> Assistance pour la mise en place des syst\u00e8mes d\u2019information  <\/li>  <li> Conception et mise en place de syst\u00e8mes de contr\u00f4le de gestion : <\/li>  <li> Mise en place et mise \u00e0 jour du manuel de proc\u00e9dures  <\/li>  <li> Mise en place et animation des syst\u00e8mes de risk management  <\/li>  <\/ul>   <\/div> <\/div> <\/div> <\/div> <\/div>  <\/div> <\/div>   <\/div><\/section>\r\n\t\t<\/div>\n\t\t\t\t<\/div>\n\t\t\t\t\t<\/div>\n\t\t<\/div>\n\t\t\t\t\t<\/div>\n\t\t<\/section>\n\t\t\t\t<\/div>\n\t\t","protected":false},"excerpt":{"rendered":"<p>Conseil Notre \u00e9quipe De conseillers exp\u00e9riment\u00e9s vous apporte un soutien dans divers domaines pour vous aider \u00e0 prendre des d\u00e9cisions \u00e9clair\u00e9es et \u00e0 optimiser la performance de votre entreprise. Nos services comprennent notamment : Conseil financier \u00c9tablissement des \u00e9tudes de faisabilit\u00e9 et de plan d\u2019affaires (business plan) Conseil en fusions-acquisitions et \u00e9valuation d\u2019entreprise \u00c9tudes d\u2019\u00e9valuation, [&hellip;]<\/p>\n","protected":false},"author":1,"featured_media":0,"parent":0,"menu_order":0,"comment_status":"closed","ping_status":"closed","template":"template-fullwidth.php","meta":{"content-type":"","footnotes":""},"_links":{"self":[{"href":"https:\/\/proactifconseil.ma\/site\/wp-json\/wp\/v2\/pages\/6747"}],"collection":[{"href":"https:\/\/proactifconseil.ma\/site\/wp-json\/wp\/v2\/pages"}],"about":[{"href":"https:\/\/proactifconseil.ma\/site\/wp-json\/wp\/v2\/types\/page"}],"author":[{"embeddable":true,"href":"https:\/\/proactifconseil.ma\/site\/wp-json\/wp\/v2\/users\/1"}],"replies":[{"embeddable":true,"href":"https:\/\/proactifconseil.ma\/site\/wp-json\/wp\/v2\/comments?post=6747"}],"version-history":[{"count":7,"href":"https:\/\/proactifconseil.ma\/site\/wp-json\/wp\/v2\/pages\/6747\/revisions"}],"predecessor-version":[{"id":6932,"href":"https:\/\/proactifconseil.ma\/site\/wp-json\/wp\/v2\/pages\/6747\/revisions\/6932"}],"wp:attachment":[{"href":"https:\/\/proactifconseil.ma\/site\/wp-json\/wp\/v2\/media?parent=6747"}],"curies":[{"name":"wp","href":"https:\/\/api.w.org\/{rel}","templated":true}]}}