{"id":6753,"date":"2025-01-27T21:18:54","date_gmt":"2025-01-27T20:18:54","guid":{"rendered":"https:\/\/proactifconseil.ma\/site\/?page_id=6753"},"modified":"2025-01-28T11:43:17","modified_gmt":"2025-01-28T10:43:17","slug":"services-juridiques","status":"publish","type":"page","link":"https:\/\/proactifconseil.ma\/site\/services-juridiques\/","title":{"rendered":"Service juridiques"},"content":{"rendered":"\t\t<div data-elementor-type=\"wp-page\" data-elementor-id=\"6753\" class=\"elementor elementor-6753\">\n\t\t\t\t\t\t<section class=\"elementor-section elementor-top-section elementor-element elementor-element-4767c73 elementor-section-boxed elementor-section-height-default elementor-section-height-default\" data-id=\"4767c73\" data-element_type=\"section\">\n\t\t\t\t\t\t<div class=\"elementor-container elementor-column-gap-default\">\n\t\t\t\t\t<div class=\"elementor-column elementor-col-100 elementor-top-column elementor-element elementor-element-6c4611d\" data-id=\"6c4611d\" data-element_type=\"column\">\n\t\t\t<div class=\"elementor-widget-wrap elementor-element-populated\">\n\t\t\t\t\t\t<div class=\"elementor-element elementor-element-85eb2d5 elementor-widget elementor-widget-creote-tab-v1\" data-id=\"85eb2d5\" data-element_type=\"widget\" data-widget_type=\"creote-tab-v1.default\">\n\t\t\t\t<div class=\"elementor-widget-container\">\n\t\t\t<section class=\"tabs_all_box tabs_all_box_start type_two\"> <div class=\"tab_over_all_box\">   <div class=\"tabs_header clearfix\"> <ul class=\"showcase_tabs_btns nav-pills nav clearfix\">  <li class=\"nav-item\"> <a class=\"s_tab_btn nav-link active\" data-tab=\"#tabtabone\">  <\/a> <\/li>  <\/ul> <\/div> <div class=\"s_tab_wrapper\"> <div class=\"s_tabs_content\">  <div class=\"s_tab fade active-tab show\" id=\"tabtabone\"> <div class=\"tab_content one\"> <div class=\"row\">  <div class=\"col-lg-6 col-md-12 col-sm-12\"> <div class=\"image\"> <img decoding=\"async\" src=\"https:\/\/proactifconseil.ma\/site\/wp-content\/uploads\/2025\/01\/5.juridiquel.png\" alt=\"image\" \/> <\/div> <\/div>  <div class=\"col-lg-6 col-md-12 col-sm-12\"> <div class=\"content_bx\">  <h6>Services juridiques<\/h6>   <h2>Notre cabinet<\/h2>   <p>Offre une gamme compl\u00e8te de services juridiques pour r\u00e9pondre \u00e0 vos besoins en mati\u00e8re de droit des affaires, droit social et secr\u00e9tariat juridique. Nos services comprennent :<\/p>    <ul>  <li> Conformit\u00e9 et conseil en droit des affaires  <\/li>  <li> Conformit\u00e9 et conseil en droit social : <\/li>  <li> Consultations juridiques  <\/li>  <li> Secr\u00e9tariat juridique  <\/li>  <li> \u00c9tablissement et n\u00e9gociation d\u2019actes, de conventions et de contrats  <\/li>  <li> Audit et revue juridique  <\/li>  <\/ul>   <\/div> <\/div> <\/div> <\/div> <\/div>  <\/div> <\/div>   <\/div><\/section>\r\n\t\t<\/div>\n\t\t\t\t<\/div>\n\t\t\t\t\t<\/div>\n\t\t<\/div>\n\t\t\t\t\t<\/div>\n\t\t<\/section>\n\t\t\t\t<\/div>\n\t\t","protected":false},"excerpt":{"rendered":"<p>Services juridiques Notre cabinet Offre une gamme compl\u00e8te de services juridiques pour r\u00e9pondre \u00e0 vos besoins en mati\u00e8re de droit des affaires, droit social et secr\u00e9tariat juridique. Nos services comprennent : Conformit\u00e9 et conseil en droit des affaires Conformit\u00e9 et conseil en droit social : Consultations juridiques Secr\u00e9tariat juridique \u00c9tablissement et n\u00e9gociation d\u2019actes, de conventions [&hellip;]<\/p>\n","protected":false},"author":1,"featured_media":0,"parent":0,"menu_order":0,"comment_status":"closed","ping_status":"closed","template":"template-fullwidth.php","meta":{"content-type":"","footnotes":""},"_links":{"self":[{"href":"https:\/\/proactifconseil.ma\/site\/wp-json\/wp\/v2\/pages\/6753"}],"collection":[{"href":"https:\/\/proactifconseil.ma\/site\/wp-json\/wp\/v2\/pages"}],"about":[{"href":"https:\/\/proactifconseil.ma\/site\/wp-json\/wp\/v2\/types\/page"}],"author":[{"embeddable":true,"href":"https:\/\/proactifconseil.ma\/site\/wp-json\/wp\/v2\/users\/1"}],"replies":[{"embeddable":true,"href":"https:\/\/proactifconseil.ma\/site\/wp-json\/wp\/v2\/comments?post=6753"}],"version-history":[{"count":7,"href":"https:\/\/proactifconseil.ma\/site\/wp-json\/wp\/v2\/pages\/6753\/revisions"}],"predecessor-version":[{"id":6935,"href":"https:\/\/proactifconseil.ma\/site\/wp-json\/wp\/v2\/pages\/6753\/revisions\/6935"}],"wp:attachment":[{"href":"https:\/\/proactifconseil.ma\/site\/wp-json\/wp\/v2\/media?parent=6753"}],"curies":[{"name":"wp","href":"https:\/\/api.w.org\/{rel}","templated":true}]}}