{"id":6758,"date":"2025-01-27T21:24:03","date_gmt":"2025-01-27T20:24:03","guid":{"rendered":"https:\/\/proactifconseil.ma\/site\/?page_id=6758"},"modified":"2025-01-28T11:44:02","modified_gmt":"2025-01-28T10:44:02","slug":"recrutement-et-formation","status":"publish","type":"page","link":"https:\/\/proactifconseil.ma\/site\/recrutement-et-formation\/","title":{"rendered":"Recrutement et formation"},"content":{"rendered":"\t\t<div data-elementor-type=\"wp-page\" data-elementor-id=\"6758\" class=\"elementor elementor-6758\">\n\t\t\t\t\t\t<section class=\"elementor-section elementor-top-section elementor-element elementor-element-4767c73 elementor-section-boxed elementor-section-height-default elementor-section-height-default\" data-id=\"4767c73\" data-element_type=\"section\">\n\t\t\t\t\t\t<div class=\"elementor-container elementor-column-gap-default\">\n\t\t\t\t\t<div class=\"elementor-column elementor-col-100 elementor-top-column elementor-element elementor-element-6c4611d\" data-id=\"6c4611d\" data-element_type=\"column\">\n\t\t\t<div class=\"elementor-widget-wrap elementor-element-populated\">\n\t\t\t\t\t\t<div class=\"elementor-element elementor-element-85eb2d5 elementor-widget elementor-widget-creote-tab-v1\" data-id=\"85eb2d5\" data-element_type=\"widget\" data-widget_type=\"creote-tab-v1.default\">\n\t\t\t\t<div class=\"elementor-widget-container\">\n\t\t\t<section class=\"tabs_all_box tabs_all_box_start type_two\"> <div class=\"tab_over_all_box\">   <div class=\"tabs_header clearfix\"> <ul class=\"showcase_tabs_btns nav-pills nav clearfix\">  <li class=\"nav-item\"> <a class=\"s_tab_btn nav-link active\" data-tab=\"#tabtabtwo\">  <\/a> <\/li>  <\/ul> <\/div> <div class=\"s_tab_wrapper\"> <div class=\"s_tabs_content\">  <div class=\"s_tab fade active-tab show\" id=\"tabtabtwo\"> <div class=\"tab_content one\"> <div class=\"row\">  <div class=\"col-lg-6 col-md-12 col-sm-12\"> <div class=\"image\"> <img decoding=\"async\" src=\"https:\/\/proactifconseil.ma\/site\/wp-content\/uploads\/2025\/01\/6.formation_rec.png\" alt=\"image\" \/> <\/div> <\/div>  <div class=\"col-lg-6 col-md-12 col-sm-12\"> <div class=\"content_bx\">  <h6>Recrutement et formation<\/h6>   <h2>Nous proposons<\/h2>   <p>\u00c9galement des services de recrutement et de formation pour vous aider \u00e0 trouver les talents dont vous avez besoin et \u00e0 d\u00e9velopper les comp\u00e9tences de vos \u00e9quipes. Nos services comprennent :<\/p>    <ul>  <li> Recrutement  <\/li>  <li> Formation  <\/li>  <\/ul>   <\/div> <\/div> <\/div> <\/div> <\/div>  <\/div> <\/div>   <\/div><\/section>\r\n\t\t<\/div>\n\t\t\t\t<\/div>\n\t\t\t\t\t<\/div>\n\t\t<\/div>\n\t\t\t\t\t<\/div>\n\t\t<\/section>\n\t\t\t\t<\/div>\n\t\t","protected":false},"excerpt":{"rendered":"<p>Recrutement et formation Nous proposons \u00c9galement des services de recrutement et de formation pour vous aider \u00e0 trouver les talents dont vous avez besoin et \u00e0 d\u00e9velopper les comp\u00e9tences de vos \u00e9quipes. Nos services comprennent : Recrutement Formation<\/p>\n","protected":false},"author":1,"featured_media":0,"parent":0,"menu_order":0,"comment_status":"closed","ping_status":"closed","template":"template-fullwidth.php","meta":{"content-type":"","footnotes":""},"_links":{"self":[{"href":"https:\/\/proactifconseil.ma\/site\/wp-json\/wp\/v2\/pages\/6758"}],"collection":[{"href":"https:\/\/proactifconseil.ma\/site\/wp-json\/wp\/v2\/pages"}],"about":[{"href":"https:\/\/proactifconseil.ma\/site\/wp-json\/wp\/v2\/types\/page"}],"author":[{"embeddable":true,"href":"https:\/\/proactifconseil.ma\/site\/wp-json\/wp\/v2\/users\/1"}],"replies":[{"embeddable":true,"href":"https:\/\/proactifconseil.ma\/site\/wp-json\/wp\/v2\/comments?post=6758"}],"version-history":[{"count":10,"href":"https:\/\/proactifconseil.ma\/site\/wp-json\/wp\/v2\/pages\/6758\/revisions"}],"predecessor-version":[{"id":6942,"href":"https:\/\/proactifconseil.ma\/site\/wp-json\/wp\/v2\/pages\/6758\/revisions\/6942"}],"wp:attachment":[{"href":"https:\/\/proactifconseil.ma\/site\/wp-json\/wp\/v2\/media?parent=6758"}],"curies":[{"name":"wp","href":"https:\/\/api.w.org\/{rel}","templated":true}]}}